{"id":31,"date":"2025-04-21T10:12:16","date_gmt":"2025-04-21T10:12:16","guid":{"rendered":"https:\/\/quatstudio.com\/uniquesmile\/?page_id=31"},"modified":"2026-03-02T14:29:58","modified_gmt":"2026-03-02T14:29:58","slug":"ortodontia","status":"publish","type":"page","link":"https:\/\/quatstudio.com\/uniquesmile\/tratamentos-dentarios\/ortodontia\/","title":{"rendered":"Ortodontia"},"content":{"rendered":"<div class=\"et_pb_section_0 et_pb_section et_section_regular et_block_section\"><div class=\"et_pb_row_0 et_pb_row et_block_row\"><div class=\"et_pb_column_0 et_pb_column et_pb_column_4_4 et-last-child et_block_column et_pb_css_mix_blend_mode_passthrough\"><div class=\"et_pb_text_0 et_pb_text et_pb_bg_layout_light et_pb_module et_block_module\"><div class=\"et_pb_text_inner\"><h2><strong>O que \u00e9 Ortodontia?<\/strong><\/h2>\n<\/div><\/div><div class=\"et_pb_image_0 et_pb_image et_pb_module et_block_module\"><span class=\"et_pb_image_wrap\"><img loading=\"lazy\" decoding=\"async\" src=\"https:\/\/quatstudio.com\/uniquesmile\/wp-content\/uploads\/2025\/06\/unique-smile-ortodontia-03.jpg\" width=\"900\" height=\"506\" srcset=\"https:\/\/quatstudio.com\/uniquesmile\/wp-content\/uploads\/2025\/06\/unique-smile-ortodontia-03.jpg 900w, https:\/\/quatstudio.com\/uniquesmile\/wp-content\/uploads\/2025\/06\/unique-smile-ortodontia-03-480x270.jpg 480w\" sizes=\"(min-width: 0px) and (max-width: 480px) 480px, (min-width: 481px) 900px, 100vw\" class=\"wp-image-4015\" title=\"unique-smile-ortodontia-03\" alt=\"Aparelhos inv\u00edsiveis | Unique Smile\" \/><\/span><\/div><div class=\"et_pb_text_1 et_pb_text et_pb_bg_layout_light et_pb_module et_block_module\"><div class=\"et_pb_text_inner\"><p>A ortodontia \u00e9 a especialidade da medicina dent\u00e1ria que estuda, planeia e corrige o mau posicionamento dos dentes e dos maxilares. Mais do que alinhar o sorriso, este tratamento contribui para melhorar a fun\u00e7\u00e3o de toda a cavidade oral \u2014 desde a mastiga\u00e7\u00e3o \u00e0 respira\u00e7\u00e3o.<\/p>\n<p>Atualmente, existem v\u00e1rios tipos de aparelhos ortod\u00f4nticos, fixos e remov\u00edveis, adaptados \u00e0s necessidades e prefer\u00eancias de cada paciente. Independentemente do tipo de tratamento, o objetivo \u00e9 sempre o mesmo: devolver harmonia est\u00e9tica e funcional ao seu sorriso.<\/p>\n<p>Em alguns casos, o sucesso do tratamento pode beneficiar da colabora\u00e7\u00e3o com outras \u00e1reas da sa\u00fade, como a Terapia da Fala, Otorrinolaringologia ou at\u00e9 a Osteopatia e Fisioterapia \u2014 garantindo uma abordagem verdadeiramente completa.<\/p>\n<p>Na Unique Smile acreditamos que cada sorriso tem um potencial \u00fanico. E \u00e9 com proximidade, conhecimento e tecnologia que o ajudamos a revel\u00e1-lo \u2014 com conforto, confian\u00e7a e resultados vis\u00edveis.<\/p>\n<\/div><\/div><div class=\"et_pb_text_2 et_pb_text et_pb_bg_layout_light et_pb_module et_block_module\"><div class=\"et_pb_text_inner\"><p>&nbsp;<\/p>\n<h3><strong>Tipos de Aparelhos:<\/strong><\/h3>\n<\/div><\/div><div class=\"et_pb_blurb_0 et_pb_blurb et_pb_bg_layout_light et_pb_blurb_position_left et_pb_module et_block_module\"><div class=\"et_pb_blurb_content\"><div class=\"et_pb_main_blurb_image\"><span class=\"et_pb_image_wrap et_pb_only_image_mode_wrap\"><img loading=\"lazy\" decoding=\"async\" src=\"https:\/\/quatstudio.com\/uniquesmile\/wp-content\/uploads\/2025\/04\/aparelho-invisivel.svg\" width=\"50\" height=\"45\" srcset=\"https:\/\/quatstudio.com\/uniquesmile\/wp-content\/uploads\/2025\/04\/aparelho-invisivel.svg 50w\" sizes=\"(min-width: 0px) and (max-width: 0px) 0px, (min-width: 1px) 50px, 100vw\" class=\"wp-image-849\" \/><\/span><\/div><div class=\"et_pb_blurb_container\"><h4 class=\"et_pb_module_header\">Aparelhos Remov\u00edveis e Alinhadores Invisalign<\/h4><div class=\"et_pb_blurb_description\"><p><span>Os alinhadores s\u00e3o uma das op\u00e7\u00f5es mais est\u00e9ticas da ortodontia: quase invis\u00edveis, confort\u00e1veis e feitos por medida. Produzidos com tecnologia avan\u00e7ada, permitem visualizar o planeamento e o resultado final. S\u00e3o f\u00e1ceis de remover para comer e escovar os dentes, o que torna o tratamento mais higi\u00e9nico e com menos desconforto. S\u00e3o tamb\u00e9m indicados para quem tem alergia a metais como o n\u00edquel, presente nos aparelhos tradicionais.<\/span><\/p>\n<\/div><\/div><\/div><\/div><div class=\"et_pb_blurb_1 et_pb_blurb et_pb_bg_layout_light et_pb_blurb_position_left et_pb_module et_block_module\"><div class=\"et_pb_blurb_content\"><div class=\"et_pb_main_blurb_image\"><span class=\"et_pb_image_wrap et_pb_only_image_mode_wrap\"><img loading=\"lazy\" decoding=\"async\" src=\"https:\/\/quatstudio.com\/uniquesmile\/wp-content\/uploads\/2025\/04\/Odontopediatria.svg\" width=\"57\" height=\"36\" srcset=\"https:\/\/quatstudio.com\/uniquesmile\/wp-content\/uploads\/2025\/04\/Odontopediatria.svg 57w\" sizes=\"(min-width: 0px) and (max-width: 0px) 0px, (min-width: 1px) 57px, 100vw\" class=\"wp-image-855\" alt=\"Unique Smile - aparelho fixo\" \/><\/span><\/div><div class=\"et_pb_blurb_container\"><h4 class=\"et_pb_module_header\">Aparelhos Fixos<\/h4><div class=\"et_pb_blurb_description\"><p><span>Os aparelhos fixos s\u00e3o constitu\u00eddos pelas braquetes coladas aos dentes que podem ser met\u00e1licas ou est\u00e9ticas (de porcelana, safira ou policarbonato). Podem ser convencionais ou autoligados. Existem tamb\u00e9m os aparelhos fixos linguais, em que as braquetes s\u00e3o coladas \u00e0 face interna (face palatina\/lingual) dos dentes, tornando-os completamente invis\u00edveis.<\/span><\/p>\n<\/div><\/div><\/div><\/div><div class=\"et_pb_blurb_2 et_pb_blurb et_pb_bg_layout_light et_pb_blurb_position_left et_pb_module et_block_module\"><div class=\"et_pb_blurb_content\"><div class=\"et_pb_main_blurb_image\"><span class=\"et_pb_image_wrap et_pb_only_image_mode_wrap\"><img loading=\"lazy\" decoding=\"async\" src=\"https:\/\/quatstudio.com\/uniquesmile\/wp-content\/uploads\/2025\/06\/aparelho-fixo.svg\" width=\"70\" height=\"36\" srcset=\"https:\/\/quatstudio.com\/uniquesmile\/wp-content\/uploads\/2025\/06\/aparelho-fixo.svg 70w\" sizes=\"(min-width: 0px) and (max-width: 0px) 0px, (min-width: 1px) 70px, 100vw\" class=\"wp-image-3961\" alt=\"Unique Smile - aparelho fixo\" \/><\/span><\/div><div class=\"et_pb_blurb_container\"><h4 class=\"et_pb_module_header\">Aparelho Fixo Convencional Met\u00e1lico ou Est\u00e9tico<\/h4><div class=\"et_pb_blurb_description\"><p>Este \u00e9 o tipo de aparelho mais comum. A sua estrutura inclui bandas ou tubos, arcos e braquetes, que exercem for\u00e7a controlada sobre os dentes para os mover gradualmente at\u00e9 \u00e0 posi\u00e7\u00e3o correta. Permite realizar movimentos dent\u00e1rios muito precisos e, atualmente, \u00e9 mais anat\u00f3mico e confort\u00e1vel, adaptando-se melhor \u00e0 cavidade oral.<\/p>\n<\/div><\/div><\/div><\/div><div class=\"et_pb_blurb_3 et_pb_blurb et_pb_bg_layout_light et_pb_blurb_position_left et_pb_module et_block_module\"><div class=\"et_pb_blurb_content\"><div class=\"et_pb_main_blurb_image\"><span class=\"et_pb_image_wrap et_pb_only_image_mode_wrap\"><img loading=\"lazy\" decoding=\"async\" src=\"https:\/\/quatstudio.com\/uniquesmile\/wp-content\/uploads\/2025\/06\/aparelho-fixo.svg\" width=\"70\" height=\"36\" srcset=\"https:\/\/quatstudio.com\/uniquesmile\/wp-content\/uploads\/2025\/06\/aparelho-fixo.svg 70w\" sizes=\"(min-width: 0px) and (max-width: 0px) 0px, (min-width: 1px) 70px, 100vw\" class=\"wp-image-3961\" alt=\"Unique Smile - aparelho fixo\" \/><\/span><\/div><div class=\"et_pb_blurb_container\"><h4 class=\"et_pb_module_header\">Aparelho Autoligado DAMON<\/h4><div class=\"et_pb_blurb_description\"><p>O sistema Damon \u00e9 uma alternativa moderna \u00e0 ortodontia tradicional, que reduz a necessidade de extra\u00e7\u00f5es dent\u00e1rias. Utiliza for\u00e7as mais leves e com menor fric\u00e7\u00e3o, o que permite um movimento mais natural dos dentes e maior conforto durante o tratamento.<br data-start=\"428\" data-end=\"431\" \/>Este sistema recorre a for\u00e7as biol\u00f3gicas, aproveitando os processos adaptativos do corpo para criar espa\u00e7o de forma progressiva e eficiente. O resultado? Um tratamento geralmente mais r\u00e1pido, com menos consultas e mais comodidade para o paciente \u2014 e, na maioria dos casos, sem necessidade de extra\u00e7\u00f5es.<\/p>\n<\/div><\/div><\/div><\/div><div class=\"et_pb_blurb_4 et_pb_blurb et_pb_bg_layout_light et_pb_blurb_position_left et_pb_module et_block_module\"><div class=\"et_pb_blurb_content\"><div class=\"et_pb_main_blurb_image\"><span class=\"et_pb_image_wrap et_pb_only_image_mode_wrap\"><img loading=\"lazy\" decoding=\"async\" src=\"https:\/\/quatstudio.com\/uniquesmile\/wp-content\/uploads\/2025\/04\/Ortopedia-funcional-1.svg\" width=\"48\" height=\"35\" srcset=\"https:\/\/quatstudio.com\/uniquesmile\/wp-content\/uploads\/2025\/04\/Ortopedia-funcional-1.svg 48w\" sizes=\"(min-width: 0px) and (max-width: 0px) 0px, (min-width: 1px) 48px, 100vw\" class=\"wp-image-857\" alt=\"Unique Smile - aparelho fixo\" \/><\/span><\/div><div class=\"et_pb_blurb_container\"><h4 class=\"et_pb_module_header\">Aparelho Lingual INCOGNITO 3M<\/h4><div class=\"et_pb_blurb_description\"><p>Este aparelho, colado na face interna dos dentes, \u00e9 uma excelente op\u00e7\u00e3o para quem quer alinhar o sorriso sem comprometer a apar\u00eancia durante o tratamento. Funciona exatamente como um aparelho fixo tradicional, mas com a vantagem de ser praticamente invis\u00edvel. Al\u00e9m do benef\u00edcio est\u00e9tico, \u00e9 especialmente recomendado para quem pratica desportos de contacto, pois reduz o risco de les\u00f5es na cavidade oral causadas por impactos entre o aparelho e a boca.<\/p>\n<\/div><\/div><\/div><\/div><\/div><\/div><\/div>","protected":false},"excerpt":{"rendered":"","protected":false},"author":1,"featured_media":4013,"parent":2373,"menu_order":0,"comment_status":"closed","ping_status":"closed","template":"","meta":{"_acf_changed":false,"inline_featured_image":false,"footnotes":""},"class_list":["post-31","page","type-page","status-publish","has-post-thumbnail","hentry"],"acf":[],"_links":{"self":[{"href":"https:\/\/quatstudio.com\/uniquesmile\/wp-json\/wp\/v2\/pages\/31","targetHints":{"allow":["GET"]}}],"collection":[{"href":"https:\/\/quatstudio.com\/uniquesmile\/wp-json\/wp\/v2\/pages"}],"about":[{"href":"https:\/\/quatstudio.com\/uniquesmile\/wp-json\/wp\/v2\/types\/page"}],"author":[{"embeddable":true,"href":"https:\/\/quatstudio.com\/uniquesmile\/wp-json\/wp\/v2\/users\/1"}],"replies":[{"embeddable":true,"href":"https:\/\/quatstudio.com\/uniquesmile\/wp-json\/wp\/v2\/comments?post=31"}],"version-history":[{"count":18,"href":"https:\/\/quatstudio.com\/uniquesmile\/wp-json\/wp\/v2\/pages\/31\/revisions"}],"predecessor-version":[{"id":28763,"href":"https:\/\/quatstudio.com\/uniquesmile\/wp-json\/wp\/v2\/pages\/31\/revisions\/28763"}],"up":[{"embeddable":true,"href":"https:\/\/quatstudio.com\/uniquesmile\/wp-json\/wp\/v2\/pages\/2373"}],"wp:featuredmedia":[{"embeddable":true,"href":"https:\/\/quatstudio.com\/uniquesmile\/wp-json\/wp\/v2\/media\/4013"}],"wp:attachment":[{"href":"https:\/\/quatstudio.com\/uniquesmile\/wp-json\/wp\/v2\/media?parent=31"}],"curies":[{"name":"wp","href":"https:\/\/api.w.org\/{rel}","templated":true}]}}