{"id":33,"date":"2025-04-21T10:12:57","date_gmt":"2025-04-21T10:12:57","guid":{"rendered":"https:\/\/quatstudio.com\/uniquesmile\/?page_id=33"},"modified":"2026-03-02T14:29:58","modified_gmt":"2026-03-02T14:29:58","slug":"unique-kids-odontopediatria","status":"publish","type":"page","link":"https:\/\/quatstudio.com\/uniquesmile\/tratamentos-dentarios\/unique-kids-odontopediatria\/","title":{"rendered":"Unique Kids | Odontopediatria"},"content":{"rendered":"<div class=\"et_pb_section_0 et_pb_section et_section_regular et_block_section\"><div class=\"et_pb_row_0 et_pb_row et_block_row\"><div class=\"et_pb_column_0 et_pb_column et_pb_column_4_4 et-last-child et_block_column et_pb_css_mix_blend_mode_passthrough\"><div class=\"et_pb_text_0 et_pb_text et_pb_bg_layout_light et_pb_module et_block_module\"><div class=\"et_pb_text_inner\"><h2><strong>Por que \u00e9 importante levar o seu filho ao dentista cedo?<\/strong><\/h2>\n<\/div><\/div><div class=\"et_pb_image_0 et_pb_image et_pb_module et_block_module\"><span class=\"et_pb_image_wrap\"><img loading=\"lazy\" decoding=\"async\" src=\"https:\/\/quatstudio.com\/uniquesmile\/wp-content\/uploads\/2025\/06\/unique-kids-02.jpg\" width=\"825\" height=\"405\" srcset=\"https:\/\/quatstudio.com\/uniquesmile\/wp-content\/uploads\/2025\/06\/unique-kids-02.jpg 825w, https:\/\/quatstudio.com\/uniquesmile\/wp-content\/uploads\/2025\/06\/unique-kids-02-480x236.jpg 480w\" sizes=\"(min-width: 0px) and (max-width: 480px) 480px, (min-width: 481px) 825px, 100vw\" class=\"wp-image-4054\" title=\"unique-kids-02\" alt=\"Aparelho para crian\u00e7as - Unique Smile\" \/><\/span><\/div><div class=\"et_pb_text_1 et_pb_text et_pb_bg_layout_light et_pb_module et_block_module\"><div class=\"et_pb_text_inner\"><p>Cuidar da sa\u00fade oral desde os primeiros anos \u00e9 essencial para prevenir problemas futuros, como c\u00e1ries, desalinhamentos ou dificuldades na fala e mastiga\u00e7\u00e3o. A primeira consulta pode (e deve) acontecer assim que nascer o primeiro dente \u2014 e a partir da\u00ed, criamos uma rela\u00e7\u00e3o de confian\u00e7a com os mais pequenos.<br \/>\n<\/p>\n<h3 style=\"margin-top:10px;\"><strong>O que fazemos na Odontopediatria?<\/strong><\/h3>\n<p>A consulta regular com um m\u00e9dico especialista contribui, de modo decisivo, para a sa\u00fade oral e geral da crian\u00e7a, permitindo ainda assegurar um correto desenvolvimento da boca e estruturas adjacentes.<\/p>\n<ul>\n<li>Acompanhamento do desenvolvimento dent\u00e1rio<\/li>\n<li>Preven\u00e7\u00e3o e tratamento de c\u00e1ries<\/li>\n<li>Aplica\u00e7\u00e3o de selantes e fl\u00faor<\/li>\n<li>Orienta\u00e7\u00e3o para uma boa higiene oral<\/li>\n<li>Avalia\u00e7\u00e3o precoce de problemas ortod\u00f4nticos<\/li>\n<li>Apoio na transi\u00e7\u00e3o da denti\u00e7\u00e3o de leite para os dentes definitivos<\/li>\n<\/ul>\n<p><\/p>\n<h3><strong>Uma experi\u00eancia positiva para os mais pequenos<\/strong><\/h3>\n<p>Na Unique Smile, criamos um ambiente calmo, acolhedor e adaptado \u00e0s crian\u00e7as. Usamos uma linguagem simples, respeitamos os seus tempos e transformamos cada consulta numa experi\u00eancia tranquila \u2014 porque o medo do dentista n\u00e3o precisa de existir.<\/p>\n<\/div><\/div><\/div><\/div><\/div>","protected":false},"excerpt":{"rendered":"","protected":false},"author":1,"featured_media":0,"parent":2373,"menu_order":0,"comment_status":"closed","ping_status":"closed","template":"","meta":{"_acf_changed":false,"inline_featured_image":false,"footnotes":""},"class_list":["post-33","page","type-page","status-publish","hentry"],"acf":[],"_links":{"self":[{"href":"https:\/\/quatstudio.com\/uniquesmile\/wp-json\/wp\/v2\/pages\/33","targetHints":{"allow":["GET"]}}],"collection":[{"href":"https:\/\/quatstudio.com\/uniquesmile\/wp-json\/wp\/v2\/pages"}],"about":[{"href":"https:\/\/quatstudio.com\/uniquesmile\/wp-json\/wp\/v2\/types\/page"}],"author":[{"embeddable":true,"href":"https:\/\/quatstudio.com\/uniquesmile\/wp-json\/wp\/v2\/users\/1"}],"replies":[{"embeddable":true,"href":"https:\/\/quatstudio.com\/uniquesmile\/wp-json\/wp\/v2\/comments?post=33"}],"version-history":[{"count":15,"href":"https:\/\/quatstudio.com\/uniquesmile\/wp-json\/wp\/v2\/pages\/33\/revisions"}],"predecessor-version":[{"id":28764,"href":"https:\/\/quatstudio.com\/uniquesmile\/wp-json\/wp\/v2\/pages\/33\/revisions\/28764"}],"up":[{"embeddable":true,"href":"https:\/\/quatstudio.com\/uniquesmile\/wp-json\/wp\/v2\/pages\/2373"}],"wp:attachment":[{"href":"https:\/\/quatstudio.com\/uniquesmile\/wp-json\/wp\/v2\/media?parent=33"}],"curies":[{"name":"wp","href":"https:\/\/api.w.org\/{rel}","templated":true}]}}