{"id":35,"date":"2025-04-21T10:13:28","date_gmt":"2025-04-21T10:13:28","guid":{"rendered":"https:\/\/quatstudio.com\/uniquesmile\/?page_id=35"},"modified":"2026-03-02T14:29:59","modified_gmt":"2026-03-02T14:29:59","slug":"dentisteria","status":"publish","type":"page","link":"https:\/\/quatstudio.com\/uniquesmile\/tratamentos-dentarios\/dentisteria\/","title":{"rendered":"Restaura\u00e7\u00e3o dent\u00e1ria"},"content":{"rendered":"<div class=\"et_pb_section_0 et_pb_section et_section_regular et_block_section\"><div class=\"et_pb_row_0 et_pb_row et_block_row\"><div class=\"et_pb_column_0 et_pb_column et_pb_column_4_4 et-last-child et_block_column et_pb_css_mix_blend_mode_passthrough\"><div class=\"et_pb_text_0 et_pb_text et_pb_bg_layout_light et_pb_module et_block_module\"><div class=\"et_pb_text_inner\"><div class=\"et_pb_module et_pb_text et_pb_text_3_tb_body  et_pb_text_align_left et_pb_bg_layout_light\">\n<div class=\"et_pb_text_inner\">\n<div class=\"et_pb_module et_pb_text et_pb_text_3_tb_body  et_pb_text_align_left et_pb_bg_layout_light\">\n<div class=\"et_pb_text_inner\">\n<h2><strong>Dentisteria, o que \u00e9?<\/strong><\/h2>\n<\/div>\n<\/div>\n<\/div>\n<\/div>\n<\/div><\/div><div class=\"et_pb_image_0 et_pb_image et_pb_module et_block_module\"><span class=\"et_pb_image_wrap\"><img loading=\"lazy\" decoding=\"async\" src=\"https:\/\/quatstudio.com\/uniquesmile\/wp-content\/uploads\/2025\/06\/unique-smile-dentisteria-02.jpg\" width=\"800\" height=\"450\" srcset=\"https:\/\/quatstudio.com\/uniquesmile\/wp-content\/uploads\/2025\/06\/unique-smile-dentisteria-02.jpg 800w, https:\/\/quatstudio.com\/uniquesmile\/wp-content\/uploads\/2025\/06\/unique-smile-dentisteria-02-480x270.jpg 480w\" sizes=\"(min-width: 0px) and (max-width: 480px) 480px, (min-width: 481px) 800px, 100vw\" class=\"wp-image-3616\" title=\"unique-smile-dentisteria-02\" alt=\"Restaura\u00e7\u00e3o dent\u00e9ria | Unique Smile\" \/><\/span><\/div><div class=\"et_pb_text_1 et_pb_text et_pb_bg_layout_light et_pb_module et_block_module\"><div class=\"et_pb_text_inner\"><p>Dentisteria \u00e9 a \u00e1rea respons\u00e1vel pela est\u00e9tica dent\u00e1ria e restaura\u00e7\u00e3o de dentes fraturados ou que apresentem les\u00f5es de c\u00e1rie, fraturas dent\u00e1rias, altera\u00e7\u00f5es de cor ou malforma\u00e7\u00f5es dent\u00e1rias cong\u00e9nitas.<br \/>A c\u00e1rie, por exemplo, \u00e9 uma doen\u00e7a que afeta 90% da popula\u00e7\u00e3o e \u00e9 provocada pela a\u00e7\u00e3o de determinadas bact\u00e9rias que podem originar a destrui\u00e7\u00e3o parcial ou total do dente.<\/p>\n<h3><strong><\/strong><\/h3>\n<h3><strong>Como funciona o tratamento?<\/strong><\/h3>\n<p>A forma utilizada para o seu tratamento poder\u00e1 ser uma restaura\u00e7\u00e3o com resinas compostas, directas ou indirectas (os chamados inlays\/onlays), facetas e restaura\u00e7\u00f5es est\u00e9ticas, mimetizando assim a estrutura do dente perdido.<br \/>Como complemento, e ap\u00f3s a sa\u00fade oral restabelecida, existe o branqueamento dent\u00e1rio.<\/p>\n<h3><strong><\/strong><\/h3>\n<h3><strong>Objetivos principais<\/strong><\/h3>\n<ul>\n<li>Tratamento da c\u00e1rie dent\u00e1ria<\/li>\n<li>Aumentar a resist\u00eancia do dente<\/li>\n<li>Melhoria est\u00e9tica<\/li>\n<\/ul>\n<p>Lembre-se que a c\u00e1rie n\u00e3o tratada pode causar um abscesso dent\u00e1rio, embora, a princ\u00edpio, seja localizado s\u00f3 num dente, logo pode-se espalhar para \u00e1reas vizinhas e causar s\u00e9rias complica\u00e7\u00f5es.<\/p>\n<\/div><\/div><\/div><\/div><\/div>","protected":false},"excerpt":{"rendered":"","protected":false},"author":1,"featured_media":3471,"parent":2373,"menu_order":0,"comment_status":"closed","ping_status":"closed","template":"","meta":{"_acf_changed":false,"inline_featured_image":false,"footnotes":""},"class_list":["post-35","page","type-page","status-publish","has-post-thumbnail","hentry"],"acf":[],"_links":{"self":[{"href":"https:\/\/quatstudio.com\/uniquesmile\/wp-json\/wp\/v2\/pages\/35","targetHints":{"allow":["GET"]}}],"collection":[{"href":"https:\/\/quatstudio.com\/uniquesmile\/wp-json\/wp\/v2\/pages"}],"about":[{"href":"https:\/\/quatstudio.com\/uniquesmile\/wp-json\/wp\/v2\/types\/page"}],"author":[{"embeddable":true,"href":"https:\/\/quatstudio.com\/uniquesmile\/wp-json\/wp\/v2\/users\/1"}],"replies":[{"embeddable":true,"href":"https:\/\/quatstudio.com\/uniquesmile\/wp-json\/wp\/v2\/comments?post=35"}],"version-history":[{"count":15,"href":"https:\/\/quatstudio.com\/uniquesmile\/wp-json\/wp\/v2\/pages\/35\/revisions"}],"predecessor-version":[{"id":28765,"href":"https:\/\/quatstudio.com\/uniquesmile\/wp-json\/wp\/v2\/pages\/35\/revisions\/28765"}],"up":[{"embeddable":true,"href":"https:\/\/quatstudio.com\/uniquesmile\/wp-json\/wp\/v2\/pages\/2373"}],"wp:featuredmedia":[{"embeddable":true,"href":"https:\/\/quatstudio.com\/uniquesmile\/wp-json\/wp\/v2\/media\/3471"}],"wp:attachment":[{"href":"https:\/\/quatstudio.com\/uniquesmile\/wp-json\/wp\/v2\/media?parent=35"}],"curies":[{"name":"wp","href":"https:\/\/api.w.org\/{rel}","templated":true}]}}