{"id":39,"date":"2025-04-21T10:14:32","date_gmt":"2025-04-21T10:14:32","guid":{"rendered":"https:\/\/quatstudio.com\/uniquesmile\/?page_id=39"},"modified":"2026-03-02T14:30:00","modified_gmt":"2026-03-02T14:30:00","slug":"estetica-dentaria","status":"publish","type":"page","link":"https:\/\/quatstudio.com\/uniquesmile\/estetica-dentaria\/","title":{"rendered":"Estetica dent\u00e1ria"},"content":{"rendered":"<div class=\"et_pb_section_0 et_pb_section et_section_regular et_block_section\"><div class=\"et_pb_row_0 et_pb_row et_block_row\"><div class=\"et_pb_column_0 et_pb_column et_pb_column_4_4 et-last-child et_block_column et_pb_css_mix_blend_mode_passthrough\"><div class=\"et_pb_text_0 et_pb_text et_pb_bg_layout_light et_pb_module et_block_module\"><div class=\"et_pb_text_inner\"><h2><strong>O que \u00e9 Est\u00e9tica Dent\u00e1ria?<\/strong><\/h2>\n<\/div><\/div><div class=\"et_pb_image_0 et_pb_image et_pb_module et_block_module\"><span class=\"et_pb_image_wrap\"><img loading=\"lazy\" decoding=\"async\" src=\"https:\/\/quatstudio.com\/uniquesmile\/wp-content\/uploads\/2025\/06\/unique-smile-estetica-dentaria-01.jpg\" title=\"unique-smile--este\u0301tica-denta\u0301ria---01\" width=\"800\" height=\"450\" srcset=\"https:\/\/quatstudio.com\/uniquesmile\/wp-content\/uploads\/2025\/06\/unique-smile-estetica-dentaria-01.jpg 800w, https:\/\/quatstudio.com\/uniquesmile\/wp-content\/uploads\/2025\/06\/unique-smile-estetica-dentaria-01-480x270.jpg 480w\" sizes=\"(min-width: 0px) and (max-width: 480px) 480px, (min-width: 481px) 800px, 100vw\" class=\"wp-image-4198\" \/><\/span><\/div><div class=\"et_pb_text_1 et_pb_text et_pb_bg_layout_light et_pb_module et_block_module\"><div class=\"et_pb_text_inner\"><p>A Est\u00e9tica Dent\u00e1ria \u00e9 a \u00e1rea da Medicina Dent\u00e1ria que se dedica a diferentes tratamentos dent\u00e1rios est\u00e9ticos, e cuida da repara\u00e7\u00e3o de dentes fraturados, lesionados por c\u00e1rie, manchados, correc\u00e7\u00e3o de diastemas (espa\u00e7os existentes entre os dentes), na realiza\u00e7\u00e3o de tratamentos de branqueamento e na coloca\u00e7\u00e3o de piercings dent\u00e1rios.<\/p>\n<p>Os<span>\u00a0<\/span><strong>procedimentos mais comuns<\/strong><span>\u00a0<\/span>s\u00e3o:<\/p>\n<\/div><\/div><div class=\"et_pb_tabs_0 et_pb_tabs et_pb_module\"><ul class=\"et_pb_tabs_controls clearfix\"><li class=\"et_pb_tab_nav_item_0 et_pb_tab_nav_item et_pb_tab_0 et_pb_tab_active\"><a class=\"et_pb_tab_nav_item_link\" href=\"#\">Restaura\u00e7\u00f5es Est\u00e9ticas<\/a><\/li><li class=\"et_pb_tab_nav_item_1 et_pb_tab_nav_item et_pb_tab_1\"><a class=\"et_pb_tab_nav_item_link\" href=\"#\">Facetas Est\u00e9ticas<\/a><\/li><li class=\"et_pb_tab_nav_item_2 et_pb_tab_nav_item et_pb_tab_2\"><a class=\"et_pb_tab_nav_item_link\" href=\"#\">Piercing Dent\u00e1rio<\/a><\/li><\/ul><div class=\"et_pb_all_tabs\"><div class=\"et_pb_tab_0 et_pb_tab clearfix et_pb_active_content et_pb_module et_block_module\"><div class=\"et_pb_tab_content\"><p>Atrav\u00e9s da utiliza\u00e7\u00e3o de materiais da cor dos dentes naturais, os dentes fraturados e as les\u00f5es dent\u00e1rias causadas por c\u00e1rie s\u00e3o tratadas e as inest\u00e9ticas restaura\u00e7\u00f5es de am\u00e1lgama antigas e\/ou pigmentadas s\u00e3o substitu\u00eddas, atingindo-se excelentes resultados est\u00e9ticos. Toda restaura\u00e7\u00e3o \u00e9 feita para que o resultado fique o mais natural poss\u00edvel e voc\u00ea conquiste elogios por onde passar.<\/p>\n<\/div><\/div><div class=\"et_pb_tab_1 et_pb_tab clearfix et_pb_module et_block_module\"><div class=\"et_pb_tab_content\"><p>S\u00e3o capas muito finas feitas em cer\u00e2mica ou comp\u00f3sito que s\u00e3o coladas sobre os dentes naturais para corrigir a forma e a cor dos dentes. As facetas s\u00e3o a solu\u00e7\u00e3o mais est\u00e9tica e conservadora para uma grande variedade de problemas dent\u00e1rios e s\u00e3o muitas vezes usadas em combina\u00e7\u00e3o com t\u00e9cnicas de branqueamento dent\u00e1rio.<br \/>\nPossuem indica\u00e7\u00e3o em pacientes que procuram aumentar a sua autoestima, melhorando a sua apar\u00eancia visual, pois muitas vezes por vergonha ou inibi\u00e7\u00e3o relacionada com a sua est\u00e9tica dent\u00e1ria, acabam por evitar o pr\u00f3prio sorriso.<br \/>\nDe referir ainda, que as facetas dent\u00e1rias tamb\u00e9m s\u00e3o uma solu\u00e7\u00e3o bastante v\u00e1lida e indicada para efetuar o fechamento de espa\u00e7os entre os dentes, os chamados diastemas.<\/p>\n<\/div><\/div><div class=\"et_pb_tab_2 et_pb_tab clearfix et_pb_module et_block_module\"><div class=\"et_pb_tab_content\"><p>\u00c9 um brilhante colocado sobre a superf\u00edcie vis\u00edvel de um dente. Estes brilhantes podem ter v\u00e1rios formatos e cores e d\u00e3o destaque e um charme a mais ao seu sorriso.<\/p>\n<\/div><\/div><\/div><\/div><div class=\"et_pb_text_2 et_pb_text et_pb_bg_layout_light et_pb_module et_block_module\"><div class=\"et_pb_text_inner\"><h3><strong>Benef\u00edcios<\/strong><\/h3>\n<p>Atualmente, recorrendo a t\u00e9cnicas e materiais de \u00faltima gera\u00e7\u00e3o, a Est\u00e9tica Dent\u00e1ria permite fazer altera\u00e7\u00f5es subtis nos dentes de modo a devolver-lhe um sorriso bonito e natural, o que contribui para uma melhoria da sua auto-estima com o ganho est\u00e9tico, evita constrangimentos sociais, profissionais e amorosos. Em resumo: cuidar da est\u00e9tica dos dentes traz benef\u00edcios \u00e0 sa\u00fade.<\/p>\n<\/div><\/div><\/div><\/div><\/div>","protected":false},"excerpt":{"rendered":"","protected":false},"author":1,"featured_media":4198,"parent":0,"menu_order":0,"comment_status":"closed","ping_status":"closed","template":"","meta":{"_acf_changed":false,"inline_featured_image":false,"footnotes":""},"class_list":["post-39","page","type-page","status-publish","has-post-thumbnail","hentry"],"acf":[],"_links":{"self":[{"href":"https:\/\/quatstudio.com\/uniquesmile\/wp-json\/wp\/v2\/pages\/39","targetHints":{"allow":["GET"]}}],"collection":[{"href":"https:\/\/quatstudio.com\/uniquesmile\/wp-json\/wp\/v2\/pages"}],"about":[{"href":"https:\/\/quatstudio.com\/uniquesmile\/wp-json\/wp\/v2\/types\/page"}],"author":[{"embeddable":true,"href":"https:\/\/quatstudio.com\/uniquesmile\/wp-json\/wp\/v2\/users\/1"}],"replies":[{"embeddable":true,"href":"https:\/\/quatstudio.com\/uniquesmile\/wp-json\/wp\/v2\/comments?post=39"}],"version-history":[{"count":9,"href":"https:\/\/quatstudio.com\/uniquesmile\/wp-json\/wp\/v2\/pages\/39\/revisions"}],"predecessor-version":[{"id":28767,"href":"https:\/\/quatstudio.com\/uniquesmile\/wp-json\/wp\/v2\/pages\/39\/revisions\/28767"}],"wp:featuredmedia":[{"embeddable":true,"href":"https:\/\/quatstudio.com\/uniquesmile\/wp-json\/wp\/v2\/media\/4198"}],"wp:attachment":[{"href":"https:\/\/quatstudio.com\/uniquesmile\/wp-json\/wp\/v2\/media?parent=39"}],"curies":[{"name":"wp","href":"https:\/\/api.w.org\/{rel}","templated":true}]}}