{"id":41,"date":"2025-04-21T10:14:51","date_gmt":"2025-04-21T10:14:51","guid":{"rendered":"https:\/\/quatstudio.com\/uniquesmile\/?page_id=41"},"modified":"2026-03-02T14:30:01","modified_gmt":"2026-03-02T14:30:01","slug":"periodontologia","status":"publish","type":"page","link":"https:\/\/quatstudio.com\/uniquesmile\/tratamentos-dentarios\/periodontologia\/","title":{"rendered":"Periodontologia | Tratamento das gengivas"},"content":{"rendered":"<div class=\"et_pb_section_0 et_pb_section et_section_regular et_block_section\"><div class=\"et_pb_row_0 et_pb_row et_block_row\"><div class=\"et_pb_column_0 et_pb_column et_pb_column_4_4 et-last-child et_block_column et_pb_css_mix_blend_mode_passthrough\"><div class=\"et_pb_text_0 et_pb_text et_pb_bg_layout_light et_pb_module et_block_module\"><div class=\"et_pb_text_inner\"><h2><strong>O que \u00e9 a Periodontologia?<\/strong><\/h2>\n<\/div><\/div><div class=\"et_pb_image_0 et_pb_image et_pb_module et_block_module\"><span class=\"et_pb_image_wrap\"><img loading=\"lazy\" decoding=\"async\" src=\"https:\/\/quatstudio.com\/uniquesmile\/wp-content\/uploads\/2025\/06\/Unique-Smile-Periodontologia-02.jpg\" width=\"800\" height=\"450\" srcset=\"https:\/\/quatstudio.com\/uniquesmile\/wp-content\/uploads\/2025\/06\/Unique-Smile-Periodontologia-02.jpg 800w, https:\/\/quatstudio.com\/uniquesmile\/wp-content\/uploads\/2025\/06\/Unique-Smile-Periodontologia-02-480x270.jpg 480w\" sizes=\"(min-width: 0px) and (max-width: 480px) 480px, (min-width: 481px) 800px, 100vw\" class=\"wp-image-4234\" title=\"Unique-Smile---Periodontologia-02\" \/><\/span><\/div><div class=\"et_pb_text_1 et_pb_text et_pb_bg_layout_light et_pb_module et_block_module\"><div class=\"et_pb_text_inner\"><p><span>A Periodontologia \u00e9 a especialidade da medicina dent\u00e1ria que se dedica \u00e0 preven\u00e7\u00e3o, diagn\u00f3stico e tratamento de doen\u00e7as que afetam os tecidos de suporte dos dentes \u2014 como a gengiva, o osso e o ligamento periodontal.<\/span><br \/>\n<span>Problemas como gengivite e periodontite, se n\u00e3o forem tratados a tempo, podem levar \u00e0 perda dent\u00e1ria e afetar a sa\u00fade geral do paciente.<\/span><br \/>\n<\/p>\n<h3><strong>Principais sinais de alerta<\/strong><\/h3>\n<ul>\n<li data-start=\"926\" data-end=\"986\">\n<p data-start=\"928\" data-end=\"986\">Sangramento gengival ao escovar ou passar o fio dent\u00e1rio;<\/p>\n<\/li>\n<li data-start=\"987\" data-end=\"1013\">\n<p data-start=\"989\" data-end=\"1013\">Mau h\u00e1lito persistente;<\/p>\n<\/li>\n<li data-start=\"1014\" data-end=\"1059\">\n<p data-start=\"1016\" data-end=\"1059\">Gengivas vermelhas, inchadas ou retra\u00eddas;<\/p>\n<\/li>\n<li data-start=\"1060\" data-end=\"1100\">\n<p data-start=\"1062\" data-end=\"1100\">Sensibilidade ou mobilidade dent\u00e1ria;<\/p>\n<\/li>\n<li data-start=\"1101\" data-end=\"1146\">\n<p data-start=\"1103\" data-end=\"1146\">Presen\u00e7a de pus entre a gengiva e os dentes;<\/p>\n<\/li>\n<\/ul>\n<p>Se reconhece algum destes sinais, \u00e9 importante marcar uma consulta o quanto antes.<\/p>\n<\/div><\/div><\/div><\/div><\/div>","protected":false},"excerpt":{"rendered":"","protected":false},"author":1,"featured_media":4252,"parent":2373,"menu_order":0,"comment_status":"closed","ping_status":"closed","template":"","meta":{"_acf_changed":false,"inline_featured_image":false,"footnotes":""},"class_list":["post-41","page","type-page","status-publish","has-post-thumbnail","hentry"],"acf":[],"_links":{"self":[{"href":"https:\/\/quatstudio.com\/uniquesmile\/wp-json\/wp\/v2\/pages\/41","targetHints":{"allow":["GET"]}}],"collection":[{"href":"https:\/\/quatstudio.com\/uniquesmile\/wp-json\/wp\/v2\/pages"}],"about":[{"href":"https:\/\/quatstudio.com\/uniquesmile\/wp-json\/wp\/v2\/types\/page"}],"author":[{"embeddable":true,"href":"https:\/\/quatstudio.com\/uniquesmile\/wp-json\/wp\/v2\/users\/1"}],"replies":[{"embeddable":true,"href":"https:\/\/quatstudio.com\/uniquesmile\/wp-json\/wp\/v2\/comments?post=41"}],"version-history":[{"count":20,"href":"https:\/\/quatstudio.com\/uniquesmile\/wp-json\/wp\/v2\/pages\/41\/revisions"}],"predecessor-version":[{"id":28768,"href":"https:\/\/quatstudio.com\/uniquesmile\/wp-json\/wp\/v2\/pages\/41\/revisions\/28768"}],"up":[{"embeddable":true,"href":"https:\/\/quatstudio.com\/uniquesmile\/wp-json\/wp\/v2\/pages\/2373"}],"wp:featuredmedia":[{"embeddable":true,"href":"https:\/\/quatstudio.com\/uniquesmile\/wp-json\/wp\/v2\/media\/4252"}],"wp:attachment":[{"href":"https:\/\/quatstudio.com\/uniquesmile\/wp-json\/wp\/v2\/media?parent=41"}],"curies":[{"name":"wp","href":"https:\/\/api.w.org\/{rel}","templated":true}]}}