{"id":4293,"date":"2025-06-14T21:37:53","date_gmt":"2025-06-14T21:37:53","guid":{"rendered":"https:\/\/quatstudio.com\/uniquesmile\/?page_id=4293"},"modified":"2026-03-02T14:30:05","modified_gmt":"2026-03-02T14:30:05","slug":"reabilitacao-oral","status":"publish","type":"page","link":"https:\/\/quatstudio.com\/uniquesmile\/tratamentos-dentarios\/reabilitacao-oral\/","title":{"rendered":"Reabilita\u00e7\u00e3o oral"},"content":{"rendered":"<div class=\"et_pb_section_0 et_pb_section et_section_regular et_block_section\"><div class=\"et_pb_row_0 et_pb_row et_block_row\"><div class=\"et_pb_column_0 et_pb_column et_pb_column_4_4 et-last-child et_block_column et_pb_css_mix_blend_mode_passthrough\"><div class=\"et_pb_text_0 et_pb_text et_pb_bg_layout_light et_pb_module et_block_module\"><div class=\"et_pb_text_inner\"><h2><strong>O que \u00e9 a Prostodontia?<\/strong><\/h2>\n<\/div><\/div><div class=\"et_pb_image_0 et_pb_image et_pb_module et_block_module\"><span class=\"et_pb_image_wrap\"><img loading=\"lazy\" decoding=\"async\" src=\"https:\/\/quatstudio.com\/uniquesmile\/wp-content\/uploads\/2025\/06\/unique-smile-prostodontia-2.jpg\" width=\"800\" height=\"450\" srcset=\"https:\/\/quatstudio.com\/uniquesmile\/wp-content\/uploads\/2025\/06\/unique-smile-prostodontia-2.jpg 800w, https:\/\/quatstudio.com\/uniquesmile\/wp-content\/uploads\/2025\/06\/unique-smile-prostodontia-2-480x270.jpg 480w\" sizes=\"(min-width: 0px) and (max-width: 480px) 480px, (min-width: 481px) 800px, 100vw\" class=\"wp-image-4504\" title=\"unique-smile-prostodontia-2\" alt=\"unique smile-prostodontia, reconstru\u00e7\u00e3o do dente\" \/><\/span><\/div><div class=\"et_pb_text_1 et_pb_text et_pb_bg_layout_light et_pb_module et_block_module\"><div class=\"et_pb_text_inner\"><p>A Prostodontia \u00e9 a \u00e1rea de interven\u00e7\u00e3o da medicina dent\u00e1ria que permite ao paciente reconstruir perdas dent\u00e1rias unit\u00e1rias ou m\u00faltiplas ao substituir os dentes perdidos e oferecer muitas possibilidades de tratamento, como solu\u00e7\u00f5es fixas ou remov\u00edveis sobre implantes ou sobre dentes, totais ou parciais tendo em conta o caso de cada paciente.<\/p>\n<p>&nbsp;<\/p>\n<h3><strong>Que os tipos de pr\u00f3tese existem<\/strong><\/h3>\n<p><strong>Pr\u00f3tese Fixa:<\/strong><span>\u00a0<\/span>Ap\u00f3s perdas dent\u00e1rias unit\u00e1rias ou m\u00faltiplas e o paciente pretende reconstituir ou melhorar a est\u00e9tica dent\u00e1ria e fun\u00e7\u00e3o mastigat\u00f3ria da forma mais r\u00e1pida e econ\u00f3mica, recomendamos a coloca\u00e7\u00e3o de:<\/p>\n<p>\u25cf Coroas de acr\u00edlico ou resina;<br \/>\u25cf Coroas de porcelana;<br \/>\u25cf Facetas de porcelana ou de resina;<br \/>\u25cf Inlays \/ Onlays;<br \/>\u25cf Pontes e pontes sobre Implantes.<\/p>\n<p><strong>Pr\u00f3tese Remov\u00edvel:<\/strong><span>\u00a0<\/span>A Prostodontia prop\u00f5e em certos casos:<br \/>\u25cf Pr\u00f3tese remov\u00edvel esquel\u00e9tica;<br \/>\u25cf Pr\u00f3tese remov\u00edvel acr\u00edlica;<br \/>\u25cf Pr\u00f3tese mista (Pr\u00f3tese remov\u00edvel e fixa);<\/p>\n<p>&nbsp;<\/p>\n<h3><strong>Como funciona<\/strong><\/h3>\n<p>Em situa\u00e7\u00f5es onde os dentes danificados apresentam ra\u00edzes em boas condi\u00e7\u00f5es, optamos pela aplica\u00e7\u00e3o de coroas, cimentando-as \u00e0s ra\u00edzes ou aos dentes destru\u00eddos. Produzidas atrav\u00e9s de t\u00e9cnicas computorizadas, as coroas oferecem excel\u00eancia est\u00e9tica e possibilitam a recupera\u00e7\u00e3o das fun\u00e7\u00f5es orais.<br \/>Quando lidamos com a aus\u00eancia dent\u00e1ria (seja de um, ou mais dentes) ou sempre que os dentes n\u00e3o sejam recuper\u00e1veis, recomendamos a coloca\u00e7\u00e3o de coroas unit\u00e1rias ou pontes sobre implantes, que funcionam como ra\u00edzes artificiais.<\/p>\n<p>&nbsp;<\/p>\n<h3><strong>Benef\u00edcios das Pr\u00f3teses Dent\u00e1rias<\/strong><\/h3>\n<ul>\n<li>Melhoria na mastiga\u00e7\u00e3o e na fala;<\/li>\n<li>Preven\u00e7\u00e3o de altera\u00e7\u00f5es na estrutura facial;<\/li>\n<li>Aumento da autoestima;<\/li>\n<li>Distribui\u00e7\u00e3o equilibrada da for\u00e7a da mordida;<\/li>\n<li>Solu\u00e7\u00e3o personalizada para cada caso.<\/li>\n<\/ul>\n<p>&nbsp;<\/p>\n<h3><strong>Quando deve colocar uma pr\u00f3tese dent\u00e1ria?<\/strong><\/h3>\n<p>Se tem dentes em falta, dificuldades a mastigar, altera\u00e7\u00f5es na dic\u00e7\u00e3o ou desconforto est\u00e9tico, deve procurar uma avalia\u00e7\u00e3o com um m\u00e9dico dentista. A aus\u00eancia de dentes pode causar deslocamento dos dentes restantes, perda \u00f3ssea e altera\u00e7\u00f5es na articula\u00e7\u00e3o temporomandibular.<\/p>\n<\/div><\/div><\/div><\/div><\/div>","protected":false},"excerpt":{"rendered":"","protected":false},"author":1,"featured_media":4503,"parent":2373,"menu_order":0,"comment_status":"closed","ping_status":"closed","template":"","meta":{"_acf_changed":false,"inline_featured_image":false,"footnotes":""},"class_list":["post-4293","page","type-page","status-publish","has-post-thumbnail","hentry"],"acf":[],"_links":{"self":[{"href":"https:\/\/quatstudio.com\/uniquesmile\/wp-json\/wp\/v2\/pages\/4293","targetHints":{"allow":["GET"]}}],"collection":[{"href":"https:\/\/quatstudio.com\/uniquesmile\/wp-json\/wp\/v2\/pages"}],"about":[{"href":"https:\/\/quatstudio.com\/uniquesmile\/wp-json\/wp\/v2\/types\/page"}],"author":[{"embeddable":true,"href":"https:\/\/quatstudio.com\/uniquesmile\/wp-json\/wp\/v2\/users\/1"}],"replies":[{"embeddable":true,"href":"https:\/\/quatstudio.com\/uniquesmile\/wp-json\/wp\/v2\/comments?post=4293"}],"version-history":[{"count":10,"href":"https:\/\/quatstudio.com\/uniquesmile\/wp-json\/wp\/v2\/pages\/4293\/revisions"}],"predecessor-version":[{"id":28774,"href":"https:\/\/quatstudio.com\/uniquesmile\/wp-json\/wp\/v2\/pages\/4293\/revisions\/28774"}],"up":[{"embeddable":true,"href":"https:\/\/quatstudio.com\/uniquesmile\/wp-json\/wp\/v2\/pages\/2373"}],"wp:featuredmedia":[{"embeddable":true,"href":"https:\/\/quatstudio.com\/uniquesmile\/wp-json\/wp\/v2\/media\/4503"}],"wp:attachment":[{"href":"https:\/\/quatstudio.com\/uniquesmile\/wp-json\/wp\/v2\/media?parent=4293"}],"curies":[{"name":"wp","href":"https:\/\/api.w.org\/{rel}","templated":true}]}}