{"id":43,"date":"2025-04-21T10:15:13","date_gmt":"2025-04-21T10:15:13","guid":{"rendered":"https:\/\/quatstudio.com\/uniquesmile\/?page_id=43"},"modified":"2026-03-02T14:30:02","modified_gmt":"2026-03-02T14:30:02","slug":"endodontia","status":"publish","type":"page","link":"https:\/\/quatstudio.com\/uniquesmile\/tratamentos-dentarios\/endodontia\/","title":{"rendered":"Endodontia"},"content":{"rendered":"<div class=\"et_pb_section_0 et_pb_section et_section_regular et_block_section\"><div class=\"et_pb_row_0 et_pb_row et_block_row\"><div class=\"et_pb_column_0 et_pb_column et_pb_column_4_4 et-last-child et_block_column et_pb_css_mix_blend_mode_passthrough\"><div class=\"et_pb_text_0 et_pb_text et_pb_bg_layout_light et_pb_module et_block_module\"><div class=\"et_pb_text_inner\"><h2><strong>O que \u00e9 a Endodontia?<\/strong><\/h2>\n<\/div><\/div><div class=\"et_pb_image_0 et_pb_image et_pb_module et_block_module\"><span class=\"et_pb_image_wrap\"><img loading=\"lazy\" decoding=\"async\" src=\"https:\/\/quatstudio.com\/uniquesmile\/wp-content\/uploads\/2025\/06\/unique-smile-endodontia-02.jpg\" width=\"800\" height=\"450\" srcset=\"https:\/\/quatstudio.com\/uniquesmile\/wp-content\/uploads\/2025\/06\/unique-smile-endodontia-02.jpg 800w, https:\/\/quatstudio.com\/uniquesmile\/wp-content\/uploads\/2025\/06\/unique-smile-endodontia-02-480x270.jpg 480w\" sizes=\"(min-width: 0px) and (max-width: 480px) 480px, (min-width: 481px) 800px, 100vw\" class=\"wp-image-4289\" title=\"unique-smile-endodontia-02\" alt=\"Unique Smile - Endodontia, desvitaliza\u00e7\u00e3o do dente\" \/><\/span><\/div><div class=\"et_pb_text_1 et_pb_text et_pb_bg_layout_light et_pb_module et_block_module\"><div class=\"et_pb_text_inner\"><p>A Endodontia \u00e9 a \u00e1rea da medicina dent\u00e1ria que tem como objetivo a preserva\u00e7\u00e3o do dente por meio de preven\u00e7\u00e3o, diagn\u00f3stico, tratamento e controle das altera\u00e7\u00f5es da polpa e dos tecidos peri-radiculares.<br \/>Este tratamento \u00e9 mais conhecido por \u201cdesvitaliza\u00e7\u00e3o\u201d, que normalmente \u00e9 indicado num avan\u00e7ado estado de infec\u00e7\u00e3o, em que o interior do dente (polpa do dente) est\u00e1 atingido.<\/p>\n<h3><strong>Quando \u00e9 necess\u00e1rio um tratamento endod\u00f4ntico?<\/strong><strong><\/strong><\/h3>\n<p>O tratamento endod\u00f4ntico \u00e9 indicado para pacientes em que a c\u00e1rie chega at\u00e9 a polpa do dente e acaba comprometendo a raiz. Al\u00e9m disso, as causas mais comuns que levam \u00e0 necessidade da interven\u00e7\u00e3o endod\u00f4ntica s\u00e3o:<\/p>\n<ul>\n<li>Dores de dentes persistentes ou intensas;<\/li>\n<li>Sensibilidade prolongada ao calor ou frio;<\/li>\n<li>Incha\u00e7o na gengiva;<\/li>\n<li>Dente escurecido;<\/li>\n<\/ul>\n<h3><strong>Vantagens do tratamento endod\u00f4ntico<\/strong><\/h3>\n<ul>\n<li data-start=\"1497\" data-end=\"1521\">\n<p data-start=\"1499\" data-end=\"1521\">Al\u00edvio imediato da dor<\/p>\n<\/li>\n<li data-start=\"1522\" data-end=\"1552\">\n<p data-start=\"1524\" data-end=\"1552\">Preserva\u00e7\u00e3o do dente natural<\/p>\n<\/li>\n<li data-start=\"1553\" data-end=\"1570\">\n<p data-start=\"1555\" data-end=\"1570\">Evita extra\u00e7\u00f5es<\/p>\n<\/li>\n<li data-start=\"1571\" data-end=\"1607\">\n<p data-start=\"1573\" data-end=\"1607\">Melhora a sa\u00fade oral a longo prazo<\/p>\n<\/li>\n<\/ul>\n<\/div><\/div><\/div><\/div><\/div>","protected":false},"excerpt":{"rendered":"","protected":false},"author":1,"featured_media":3900,"parent":2373,"menu_order":0,"comment_status":"closed","ping_status":"closed","template":"","meta":{"_acf_changed":false,"inline_featured_image":false,"footnotes":""},"class_list":["post-43","page","type-page","status-publish","has-post-thumbnail","hentry"],"acf":[],"_links":{"self":[{"href":"https:\/\/quatstudio.com\/uniquesmile\/wp-json\/wp\/v2\/pages\/43","targetHints":{"allow":["GET"]}}],"collection":[{"href":"https:\/\/quatstudio.com\/uniquesmile\/wp-json\/wp\/v2\/pages"}],"about":[{"href":"https:\/\/quatstudio.com\/uniquesmile\/wp-json\/wp\/v2\/types\/page"}],"author":[{"embeddable":true,"href":"https:\/\/quatstudio.com\/uniquesmile\/wp-json\/wp\/v2\/users\/1"}],"replies":[{"embeddable":true,"href":"https:\/\/quatstudio.com\/uniquesmile\/wp-json\/wp\/v2\/comments?post=43"}],"version-history":[{"count":7,"href":"https:\/\/quatstudio.com\/uniquesmile\/wp-json\/wp\/v2\/pages\/43\/revisions"}],"predecessor-version":[{"id":28769,"href":"https:\/\/quatstudio.com\/uniquesmile\/wp-json\/wp\/v2\/pages\/43\/revisions\/28769"}],"up":[{"embeddable":true,"href":"https:\/\/quatstudio.com\/uniquesmile\/wp-json\/wp\/v2\/pages\/2373"}],"wp:featuredmedia":[{"embeddable":true,"href":"https:\/\/quatstudio.com\/uniquesmile\/wp-json\/wp\/v2\/media\/3900"}],"wp:attachment":[{"href":"https:\/\/quatstudio.com\/uniquesmile\/wp-json\/wp\/v2\/media?parent=43"}],"curies":[{"name":"wp","href":"https:\/\/api.w.org\/{rel}","templated":true}]}}